{"id":101,"date":"2025-04-16T18:54:52","date_gmt":"2025-04-16T15:54:52","guid":{"rendered":"https:\/\/davanti.fi\/?page_id=101"},"modified":"2025-04-22T15:05:58","modified_gmt":"2025-04-22T12:05:58","slug":"factory-restaurants-finland","status":"publish","type":"page","link":"https:\/\/davanti.fi\/fi\/factory-restaurants-finland\/","title":{"rendered":"Factory-ravintolat Suomi"},"content":{"rendered":"<div class=\"wp-block-cover is-light cover-hero\" style=\"min-height:625px;aspect-ratio:unset;\"><img loading=\"lazy\" decoding=\"async\" width=\"2558\" height=\"833\" class=\"wp-block-cover__image-background wp-image-142 size-full\" alt=\"\" src=\"https:\/\/davanti.fi\/wp-content\/uploads\/2025\/04\/factory_header.jpg\" data-object-fit=\"cover\" srcset=\"https:\/\/davanti.fi\/wp-content\/uploads\/2025\/04\/factory_header.jpg 2558w, https:\/\/davanti.fi\/wp-content\/uploads\/2025\/04\/factory_header-18x6.jpg 18w\" sizes=\"auto, (max-width: 2558px) 100vw, 2558px\" \/><span aria-hidden=\"true\" class=\"wp-block-cover__background has-background-dim-0 has-background-dim\" style=\"background-color:#8f8e86\"><\/span><div class=\"wp-block-cover__inner-container is-layout-constrained wp-block-cover-is-layout-constrained\">\n<p class=\"has-text-align-center has-large-font-size\"><\/p>\n<\/div><\/div>\n\n\n\n<div class=\"wp-block-cover cover-full\" style=\"min-height:590px;aspect-ratio:unset;\"><span aria-hidden=\"true\" class=\"wp-block-cover__background has-dav-beige-background-color has-background-dim-100 has-background-dim\"><\/span><div class=\"wp-block-cover__inner-container is-layout-constrained wp-block-cover-is-layout-constrained\">\n<div class=\"wp-block-columns is-layout-flex wp-container-core-columns-is-layout-9d6595d7 wp-block-columns-is-layout-flex\">\n<div class=\"wp-block-column is-vertically-aligned-center eds-on-scroll animated fadeInLeft duration4 is-layout-flow wp-block-column-is-layout-flow\" style=\"flex-basis:40%\">\n<h4 class=\"wp-block-heading\">Referenssi<\/h4>\n\n\n\n<h2 class=\"wp-block-heading\">Factory-ravintolat Suomi<\/h2>\n\n\n\n<hr class=\"wp-block-separator has-alpha-channel-opacity separator-refe\"\/>\n\n\n\n<h5 class=\"wp-block-heading has-contrast-color has-text-color has-link-color wp-elements-8da0b7018b600d60cf2e636c180a10ad\">Jani Antila<br>Yritt\u00e4j\u00e4, hallituksen puheenjohtaja<\/h5>\n<\/div>\n\n\n\n<div class=\"wp-block-column is-vertically-aligned-center eds-on-scroll animated fadeInRight duration4 is-layout-flow wp-block-column-is-layout-flow\" style=\"flex-basis:60%\"><div class=\"wp-block-image\">\n<figure class=\"alignright size-full\"><img loading=\"lazy\" decoding=\"async\" width=\"800\" height=\"842\" src=\"https:\/\/davanti.fi\/wp-content\/uploads\/2025\/04\/davanti_factory_pohja.png\" alt=\"\" class=\"wp-image-28\" srcset=\"https:\/\/davanti.fi\/wp-content\/uploads\/2025\/04\/davanti_factory_pohja.png 800w, https:\/\/davanti.fi\/wp-content\/uploads\/2025\/04\/davanti_factory_pohja-11x12.png 11w\" sizes=\"auto, (max-width: 800px) 100vw, 800px\" \/><\/figure>\n<\/div><\/div>\n<\/div>\n<\/div><\/div>\n\n\n\n<div style=\"height:3rem\" aria-hidden=\"true\" class=\"wp-block-spacer\"><\/div>\n\n\n\n<div class=\"wp-block-columns columns-mobile-reverse is-layout-flex wp-container-core-columns-is-layout-9d6595d7 wp-block-columns-is-layout-flex\">\n<div class=\"wp-block-column is-layout-flow wp-block-column-is-layout-flow\">\n<h3 class=\"wp-block-heading\">\u201dLuottosuunnittelijaa ei kannata vaihtaa\u201d<\/h3>\n\n\n\n<hr class=\"wp-block-separator has-alpha-channel-opacity separator-refe\"\/>\n\n\n\n<p>DAVANTI Finlandin Jouni Heinonen on ollut jo 15 vuotta ravintolaketjuni luottosuunnittelija. Yhteisty\u00f6 alkoi aikoinaan Espoon toimipisteemme keitti\u00f6projektin parissa. K\u00e4yt\u00e4nn\u00f6ss\u00e4 olen t\u00e4m\u00e4n j\u00e4lkeen k\u00e4ytt\u00e4nyt vain ja ainoastaan Jounin keitti\u00f6suunnittelupalvelua. Meill\u00e4 juttu luistaa ja n\u00e4kemykset kohtaavat \u2013 voi sanoa, ett\u00e4 olemme samalla aaltopituudella keitti\u00f6maailmassa. Molemmilla on pitk\u00e4 tausta ravintola- ja keitti\u00f6alalta, mik\u00e4 mahdollistaa yhdess\u00e4 sparrailun ja toinen toistemme ehdotusten kyseenalaistamisen parhaiden ratkaisujen l\u00f6yt\u00e4miseksi. Jouni toimii yritt\u00e4j\u00e4m\u00e4isesti, joten keskusteluja on voitu k\u00e4yd\u00e4 l\u00e4hes mihin vuorokauden aikaan tai viikonp\u00e4iv\u00e4n\u00e4 tahansa.<\/p>\n\n\n\n<p>Factory-ravintoloissa lounasmyynti buffeteista tapahtuu muutaman tunnin aikana, mutta ruuan valmistus aloitetaan jo aamusta.<\/p>\n<\/div>\n\n\n\n<div class=\"wp-block-column is-layout-flow wp-block-column-is-layout-flow\">\n<figure class=\"wp-block-image size-full responsive-tweak\"><img loading=\"lazy\" decoding=\"async\" width=\"650\" height=\"477\" src=\"https:\/\/davanti.fi\/wp-content\/uploads\/2025\/04\/Factory-Jani-kuva.jpg\" alt=\"\" class=\"wp-image-32\"\/><figcaption class=\"wp-element-caption\">Ketjun omistaja Jani Antilalla on pitk\u00e4 kokemus ravintola- ja keitti\u00f6alalta. Factoryn tarina alkoi vuonna 2000 lounasravintola Olarin perustamisesta.<\/figcaption><\/figure>\n<\/div>\n<\/div>\n\n\n\n<div class=\"wp-block-columns is-layout-flex wp-container-core-columns-is-layout-9d6595d7 wp-block-columns-is-layout-flex\">\n<div class=\"wp-block-column is-layout-flow wp-block-column-is-layout-flow\">\n<figure class=\"wp-block-image size-full responsive-tweak\"><img loading=\"lazy\" decoding=\"async\" width=\"960\" height=\"693\" src=\"https:\/\/davanti.fi\/wp-content\/uploads\/2025\/04\/factory_22.jpg\" alt=\"\" class=\"wp-image-29\"\/><\/figure>\n<\/div>\n\n\n\n<div class=\"wp-block-column is-layout-flow wp-block-column-is-layout-flow\">\n<p>Suunnittelussa on alusta l\u00e4htien otettava huomioon koko prosessi, keitti\u00f6st\u00e4 buffettiin ja astianpalautukseen, eli miten toimitaan tehokkaasti ja ylim\u00e4\u00e4r\u00e4isi\u00e4 askeleita v\u00e4ltt\u00e4en. Oikein sijoitetut koneet, laitteet ja ty\u00f6pisteet tehostavat ty\u00f6skentely\u00e4 ja parantavat ty\u00f6ergonomiaa. Jounin suunnittelemat keitti\u00f6t ja buffetit on saatu l\u00e4hes poikkeuksetta kerralla kuntoon ja valmiiksi.<\/p>\n\n\n\n<p>Kokenut suunnittelija verkostoineen ja kontakteineen toimii apuna keitti\u00f6projektin kustannusten hahmottamisessa. Jouni tuntee hyv\u00e4laatuisten keitti\u00f6laitteiden valmistajat sek\u00e4 saatavilla olevan laitetarjonnan hyvine ja huonoine puolineen. Ehdotusten pohjalta on huomattavasti helpompaa valita meille sopivimmat kustannustehokkaimmat laitteet. Koska investoinnit ammattikeitti\u00f6ss\u00e4 tarvittaviin laitteisiin ja koneisiin ovat suuria, hyv\u00e4t neuvot ovat enemm\u00e4n kuin paikallaan. Tekem\u00e4ll\u00e4 yhteisty\u00f6t\u00e4 Davantin kanssa meid\u00e4n tarvitse olla yhden myyj\u00e4n tai tehtaan armoilla.<\/p>\n<\/div>\n<\/div>\n\n\n\n<div class=\"wp-block-columns columns-mobile-reverse is-layout-flex wp-container-core-columns-is-layout-9d6595d7 wp-block-columns-is-layout-flex\">\n<div class=\"wp-block-column is-layout-flow wp-block-column-is-layout-flow\">\n<p>Heinonen ei pelk\u00e4st\u00e4\u00e4n piirr\u00e4 koneita ja laitteita suunnitelmaan, vaan h\u00e4n ymm\u00e4rt\u00e4\u00e4 laajasti my\u00f6s rakentamista. H\u00e4n tiet\u00e4\u00e4, mit\u00e4 asioita esimerkiksi saneerattavan kohteen rakennusvaiheessa tulee ottaa huomioon ja v\u00e4litt\u00e4\u00e4 tiedon n\u00e4ist\u00e4 rakennuttajalle, suunnittelijoille ja muille urakoitsijoille.<\/p>\n\n\n\n<p>Olen kriittinen yritt\u00e4j\u00e4, jolle ei kelpaa mik\u00e4 tahansa. Pyrin l\u00f6yt\u00e4m\u00e4\u00e4n liiketoimintani ja kiireisen yritt\u00e4j\u00e4n arkeni tueksi parhaat yhteisty\u00f6kumppanit. 15 vuotta yhteisty\u00f6t\u00e4 Jounin kanssa kertonee tyytyv\u00e4isyydest\u00e4 palveluun.<\/p>\n<\/div>\n\n\n\n<div class=\"wp-block-column is-layout-flow wp-block-column-is-layout-flow\">\n<figure class=\"wp-block-image size-full responsive-tweak\"><img loading=\"lazy\" decoding=\"async\" width=\"900\" height=\"600\" src=\"https:\/\/davanti.fi\/wp-content\/uploads\/2025\/04\/GreenFactory-14.jpg\" alt=\"\" class=\"wp-image-33\"\/><\/figure>\n<\/div>\n<\/div>\n\n\n\n<div class=\"wp-block-cover cover-full\"><span aria-hidden=\"true\" class=\"wp-block-cover__background has-dav-beige-background-color has-background-dim-100 has-background-dim\"><\/span><div class=\"wp-block-cover__inner-container is-layout-constrained wp-block-cover-is-layout-constrained\">\n<div class=\"wp-block-columns columns-refe-infobox is-layout-flex wp-container-core-columns-is-layout-9d6595d7 wp-block-columns-is-layout-flex\">\n<div class=\"wp-block-column is-vertically-aligned-center eds-on-scroll animated fadeInLeft duration4 is-layout-flow wp-block-column-is-layout-flow\">\n<figure class=\"wp-block-image size-full responsive-tweak\"><img loading=\"lazy\" decoding=\"async\" width=\"700\" height=\"467\" src=\"https:\/\/davanti.fi\/wp-content\/uploads\/2025\/04\/Factory-Iso-Omena-11.jpg\" alt=\"\" class=\"wp-image-30\" srcset=\"https:\/\/davanti.fi\/wp-content\/uploads\/2025\/04\/Factory-Iso-Omena-11.jpg 700w, https:\/\/davanti.fi\/wp-content\/uploads\/2025\/04\/Factory-Iso-Omena-11-18x12.jpg 18w\" sizes=\"auto, (max-width: 700px) 100vw, 700px\" \/><\/figure>\n<\/div>\n\n\n\n<div class=\"wp-block-column is-vertically-aligned-center eds-on-scroll animated fadeInRight duration4 is-layout-flow wp-block-column-is-layout-flow\">\n<h3 class=\"wp-block-heading\">Factory-ravintolat<\/h3>\n\n\n\n<hr class=\"wp-block-separator has-alpha-channel-opacity separator-refe\"\/>\n\n\n\n<ul class=\"wp-block-list\">\n<li>Vuonna 2000 perustettu ravintolaketju<\/li>\n\n\n\n<li>21 buffet-periaatteella toimivaa lounasravintolaa Suomessa (3\/2025)<\/li>\n\n\n\n<li>Toimipisteist\u00e4 suurin osa sijaitsee p\u00e4\u00e4kaupunkiseudulla, lis\u00e4ksi Salo ja Lahti<\/li>\n<\/ul>\n\n\n\n<div class=\"wp-block-buttons is-layout-flex wp-block-buttons-is-layout-flex\">\n<div class=\"wp-block-button\"><a class=\"wp-block-button__link wp-element-button\" href=\"https:\/\/ravintolafactory.com\/\" target=\"_blank\" rel=\"noreferrer noopener\">ravintolafactory.com<\/a><\/div>\n<\/div>\n<\/div>\n<\/div>\n<\/div><\/div>","protected":false},"excerpt":{"rendered":"<p>&#8220;There&#8217;s no reason to change a trusted designer.&#8221; DAVANTI Finland&#8217;s Jouni Heinonen has been the trusted designer for my restaurant chain for 15 years. Our collaboration began with the kitchen project at our Espoo location. Since then, I have practically exclusively used Jouni&#8217;s kitchen design services. We have a good chemistry, and our visions align &#8230; <a title=\"Factory-ravintolat Suomi\" class=\"read-more\" href=\"https:\/\/davanti.fi\/fi\/factory-restaurants-finland\/\" aria-label=\"Lue lis\u00e4\u00e4 aiheesta Factory Restaurants Finland\">Lue lis\u00e4\u00e4<\/a><\/p>","protected":false},"author":1,"featured_media":0,"parent":0,"menu_order":0,"comment_status":"closed","ping_status":"closed","template":"","meta":{"footnotes":""},"class_list":["post-101","page","type-page","status-publish"],"_links":{"self":[{"href":"https:\/\/davanti.fi\/fi\/wp-json\/wp\/v2\/pages\/101","targetHints":{"allow":["GET"]}}],"collection":[{"href":"https:\/\/davanti.fi\/fi\/wp-json\/wp\/v2\/pages"}],"about":[{"href":"https:\/\/davanti.fi\/fi\/wp-json\/wp\/v2\/types\/page"}],"author":[{"embeddable":true,"href":"https:\/\/davanti.fi\/fi\/wp-json\/wp\/v2\/users\/1"}],"replies":[{"embeddable":true,"href":"https:\/\/davanti.fi\/fi\/wp-json\/wp\/v2\/comments?post=101"}],"version-history":[{"count":9,"href":"https:\/\/davanti.fi\/fi\/wp-json\/wp\/v2\/pages\/101\/revisions"}],"predecessor-version":[{"id":202,"href":"https:\/\/davanti.fi\/fi\/wp-json\/wp\/v2\/pages\/101\/revisions\/202"}],"wp:attachment":[{"href":"https:\/\/davanti.fi\/fi\/wp-json\/wp\/v2\/media?parent=101"}],"curies":[{"name":"wp","href":"https:\/\/api.w.org\/{rel}","templated":true}]}}