{"id":105,"date":"2025-04-16T18:55:13","date_gmt":"2025-04-16T15:55:13","guid":{"rendered":"https:\/\/davanti.fi\/?page_id=105"},"modified":"2025-05-07T16:33:15","modified_gmt":"2025-05-07T13:33:15","slug":"finnish-embassies-in-paris","status":"publish","type":"page","link":"https:\/\/davanti.fi\/fi\/finnish-embassies-in-paris\/","title":{"rendered":"Suomen Pariisin edustot"},"content":{"rendered":"<div class=\"wp-block-cover is-light cover-hero\" style=\"min-height:625px;aspect-ratio:unset;\"><img loading=\"lazy\" decoding=\"async\" width=\"2560\" height=\"833\" class=\"wp-block-cover__image-background wp-image-208 size-full\" alt=\"\" src=\"https:\/\/davanti.fi\/wp-content\/uploads\/2025\/05\/suurlahetysto_header.jpg\" data-object-fit=\"cover\" srcset=\"https:\/\/davanti.fi\/wp-content\/uploads\/2025\/05\/suurlahetysto_header.jpg 2560w, https:\/\/davanti.fi\/wp-content\/uploads\/2025\/05\/suurlahetysto_header-18x6.jpg 18w\" sizes=\"auto, (max-width: 2560px) 100vw, 2560px\" \/><span aria-hidden=\"true\" class=\"wp-block-cover__background has-background-dim-0 has-background-dim\" style=\"background-color:#969291\"><\/span><div class=\"wp-block-cover__inner-container is-layout-constrained wp-block-cover-is-layout-constrained\">\n<p class=\"has-text-align-center has-large-font-size\"><\/p>\n<\/div><\/div>\n\n\n\n<div class=\"wp-block-cover cover-full\" style=\"min-height:716px;aspect-ratio:unset;\"><span aria-hidden=\"true\" class=\"wp-block-cover__background has-dav-beige-background-color has-background-dim-100 has-background-dim\"><\/span><div class=\"wp-block-cover__inner-container is-layout-constrained wp-block-cover-is-layout-constrained\">\n<div class=\"wp-block-columns is-layout-flex wp-container-core-columns-is-layout-9d6595d7 wp-block-columns-is-layout-flex\">\n<div class=\"wp-block-column is-vertically-aligned-center eds-on-scroll animated fadeInLeft duration4 is-layout-flow wp-block-column-is-layout-flow\" style=\"flex-basis:55%\">\n<h4 class=\"wp-block-heading\">Referenssi<\/h4>\n\n\n\n<h2 class=\"wp-block-heading\">Suomen Pariisin <br>edustot<\/h2>\n\n\n\n<hr class=\"wp-block-separator has-alpha-channel-opacity separator-refe\"\/>\n\n\n\n<p>Suomen Pariisin edustustojen keitti\u00f6uudistuksen suunnittelu tilattiin kokonaisuudessaan Davantilta Suomesta. Kokonaisratkaisulla lopputuloksesta saatiin paras mahdollinen.<\/p>\n\n\n\n<h5 class=\"wp-block-heading has-contrast-color has-text-color has-link-color wp-elements-0d7f42bc2f016e6c6fb8d1a6b5c45b05\">Jani Pesola<br>keitti\u00f6mestari<\/h5>\n<\/div>\n\n\n\n<div class=\"wp-block-column is-vertically-aligned-center eds-on-scroll animated fadeInRight duration4 is-layout-flow wp-block-column-is-layout-flow\" style=\"flex-basis:45%\"><div class=\"wp-block-image\">\n<figure class=\"alignright size-full\"><img loading=\"lazy\" decoding=\"async\" width=\"408\" height=\"516\" src=\"https:\/\/davanti.fi\/wp-content\/uploads\/2025\/05\/suurlahetysto_piirros.png\" alt=\"\" class=\"wp-image-209\" srcset=\"https:\/\/davanti.fi\/wp-content\/uploads\/2025\/05\/suurlahetysto_piirros.png 408w, https:\/\/davanti.fi\/wp-content\/uploads\/2025\/05\/suurlahetysto_piirros-9x12.png 9w\" sizes=\"auto, (max-width: 408px) 100vw, 408px\" \/><\/figure>\n<\/div><\/div>\n<\/div>\n<\/div><\/div>\n\n\n\n<div style=\"height:3rem\" aria-hidden=\"true\" class=\"wp-block-spacer\"><\/div>\n\n\n\n<h3 class=\"wp-block-heading\">\u201cYksi parhaiten istuvia keitti\u00f6it\u00e4, joita olen n\u00e4hnyt\u201d<\/h3>\n\n\n\n<hr class=\"wp-block-separator has-alpha-channel-opacity separator-refe\"\/>\n\n\n\n<p>Suomen Pariisin edustustojen keitti\u00f6 poikkeaa luonteeltaan perusravintolakeitti\u00f6ist\u00e4. Keitti\u00f6 palvelee sek\u00e4 Suomen Ranskan-suurl\u00e4hetyst\u00f6\u00e4 ett\u00e4 OECD Suomen pysyv\u00e4\u00e4 edustustoa Pariisissa. Edustustojen keitti\u00f6mestarit tuottavat kokonaisvaltaisia el\u00e4myksi\u00e4 suomalaisen ruokakulttuurin esittelemiseksi. Keitti\u00f6n toiminta painottuu korkeatasoisten edustustilaisuuksien, vastaanottojen ja cocktail-tilaisuuksien suunnitteluun ja toteutukseen. Lis\u00e4ksi valmistetaan lounaita pienille henkil\u00f6m\u00e4\u00e4rille l\u00e4hiruokaa ja kauden raaka-aineita hy\u00f6dynt\u00e4en. Minulla oli ilo ja kunnia toimia Suomen suurl\u00e4hetyst\u00f6n keitti\u00f6mestarina vuosina 2015\u20132018, jonka aikana keitti\u00f6uudistus toteutettiin.<\/p>\n\n\n\n<div class=\"wp-block-columns columns-full-image columns-paris-pull is-layout-flex wp-container-core-columns-is-layout-9d6595d7 wp-block-columns-is-layout-flex\">\n<div class=\"wp-block-column is-vertically-aligned-top is-layout-flow wp-block-column-is-layout-flow\">\n<div class=\"wp-block-group\"><div class=\"wp-block-group__inner-container is-layout-constrained wp-block-group-is-layout-constrained\">\n<p>Uudistusta varten otettiin tarjoukset ensin paikallisilta toimijoilta. Hintatason osoittautuessa budjetoitua suuremmaksi, ehdotin tarjouksen pyyt\u00e4mist\u00e4 my\u00f6s Suomesta. Olimme tavanneet Jouni Heinosen kanssa jo aiemmin Bocuse d'Or -kilpailussa Lyonissa ja huomanneet ajatusten keitti\u00f6maailmasta menev\u00e4n hyvin yksiin. Davantin tarjous oli selke\u00e4sti parempi ja sis\u00e4lsi kalusteet sek\u00e4 asentajat Suomen kautta. Laitehankinnat toteutettiin Jounin suosittelemilta paikallisilta toimijoilta. N\u00e4in huollot ja mahdolliset takuuasiat pysyiv\u00e4t paikallisina. Hinnalla oli toki merkityst\u00e4, mutta viel\u00e4kin enemm\u00e4n kokonaisratkaisulla, jolla saatiin toteutuksesta paras mahdollinen.<\/p>\n<\/div><\/div>\n<\/div>\n\n\n\n<div class=\"wp-block-column is-vertically-aligned-center has-dav-plum-background-color has-background is-layout-flow wp-block-column-is-layout-flow\">\n<p class=\"has-dav-beige-color has-text-color has-link-color wp-elements-c7a9224ac9b298b0ded7b1e52fcae523\">Vaikka keitti\u00f6remontista on jo aikaa, niin vuosienkin j\u00e4lkeen edustustot ovat eritt\u00e4in tyytyv\u00e4isi\u00e4 laadukkaaseen ja aikaa kest\u00e4v\u00e4\u00e4n keitti\u00f6\u00f6n. Edustustojen keitti\u00f6mestareille tarjoutuu ty\u00f6ss\u00e4\u00e4n n\u00e4k\u00f6alapaikka suomalaisen ruokakulttuurin tunnetuksi tekemiseen Ranskassa \u2013 maassa, jossa hyv\u00e4 ruoka on jokap\u00e4iv\u00e4isen el\u00e4m\u00e4n keski\u00f6ss\u00e4. Laadukas ja toimiva keitti\u00f6 on t\u00e4rke\u00e4 osa keitti\u00f6mestareiden p\u00e4ivitt\u00e4ist\u00e4 ty\u00f6t\u00e4.<\/p>\n<\/div>\n<\/div>\n\n\n\n<p>Yhteinen n\u00e4kemys uudesta keitti\u00f6st\u00e4 tarvittavine toimintoineen syntyi nopeasti. Tilank\u00e4ytt\u00f6 maksimoitiin ja keitti\u00f6 suunniteltiin toimimaan tehokkaasti edustustojen keitti\u00f6n erilaisissa k\u00e4ytt\u00f6tarpeissa. Isoille rakenteellisille muutoksille ei ollut tarvetta, esimerkiksi keitti\u00f6koneiden ja -laitteiden paikat s\u00e4ilytettiin ennallaan. Lukuisten s\u00e4hk\u00f6postiviestien ja ajatusten vaihdon j\u00e4lkeen edettiin piirustusvaiheeseen. Jouni k\u00e4vi viel\u00e4 paikan p\u00e4\u00e4ll\u00e4 tarkistusmittaamassa yksityiskohdat, ja kun ulkoministeri\u00f6 n\u00e4ytti hankkeelle vihre\u00e4\u00e4 valoa, p\u00e4\u00e4stiin tilausvaiheeseen. Vanhan keitti\u00f6n purkuty\u00f6t sek\u00e4 LVI- ja s\u00e4hk\u00f6ty\u00f6t teetettiin paikallisilla ammattilaisilla. Uutta keitti\u00f6t\u00e4 asennettaessa kaikki napsahti millintarkasti kohdilleen. Ainoastaan yhden p\u00f6yd\u00e4n tukirakenneputkea muokattiin, ja senkin Jouni hoiti perinteisell\u00e4 puukkosahalla. Voitte arvata, ett\u00e4 paikalliset h\u00e4mm\u00e4steliv\u00e4t suomalaisen keitti\u00f6suunnittelijan varmoja otteita!<\/p>\n\n\n\n<p>Jouni on keitti\u00f6suunnittelijana omaa luokkaansa. H\u00e4nell\u00e4 on vuosien tietotaito niin suunnittelusta kuin koneiden ja laitteiden teknisest\u00e4 puolesta. Jounilla on harvinaislaatuinen kyky ajatella asiat isommin ja laajasti monelta eri kantilta. Parhaimmillaan t\u00e4m\u00e4 jalostaa asiakkaan alkuper\u00e4ist\u00e4 keitti\u00f6ideaa entist\u00e4 paremmaksi. \u00c4\u00e4ret\u00f6n tarkkuus ja paneutuminen pieniinkin yksityiskohtiin tuottavat j\u00e4lke\u00e4, joka toimii moitteettomasti vuosienkin p\u00e4\u00e4st\u00e4. Suurl\u00e4hetyst\u00f6n nykyiselt\u00e4 hovimestarilta ja keitti\u00f6mestarilta olen kuullut pelk\u00e4st\u00e4\u00e4n vuolaita kehuja keitti\u00f6n toimivuudesta. On helppo antaa l\u00e4mmin suositus!<\/p>\n\n\n\n<figure class=\"wp-block-image size-full\"><img loading=\"lazy\" decoding=\"async\" width=\"1352\" height=\"787\" src=\"https:\/\/davanti.fi\/wp-content\/uploads\/2025\/05\/20170721_183629.jpg\" alt=\"\" class=\"wp-image-207\" srcset=\"https:\/\/davanti.fi\/wp-content\/uploads\/2025\/05\/20170721_183629.jpg 1352w, https:\/\/davanti.fi\/wp-content\/uploads\/2025\/05\/20170721_183629-18x10.jpg 18w\" sizes=\"auto, (max-width: 1352px) 100vw, 1352px\" \/><figcaption class=\"wp-element-caption\">Huolella suunniteltu ammattikeitti\u00f6 toimii niin Suomen Pariisin edustustojen pienemmiss\u00e4 lounastarjoiluissa kuin suurilla illallisilla. Keitti\u00f6koneet tilattiin Ranskasta takuun voimassaolon ja huoltopalvelujen saatavuuden varmistamiseksi.<\/figcaption><\/figure>\n\n\n\n<div style=\"height:3rem\" aria-hidden=\"true\" class=\"wp-block-spacer\"><\/div>\n\n\n\n<div class=\"wp-block-cover cover-full\"><span aria-hidden=\"true\" class=\"wp-block-cover__background has-dav-beige-background-color has-background-dim-100 has-background-dim\"><\/span><div class=\"wp-block-cover__inner-container is-layout-constrained wp-block-cover-is-layout-constrained\">\n<div class=\"wp-block-columns is-layout-flex wp-container-core-columns-is-layout-9d6595d7 wp-block-columns-is-layout-flex\">\n<div class=\"wp-block-column columns-refe-infobox is-layout-flow wp-block-column-is-layout-flow\">\n<h3 class=\"wp-block-heading\">Finnish Embassies in Paris: <br>The Embassy of Finland in France and the Permanent Representation of Finland to the OECD<\/h3>\n\n\n\n<hr class=\"wp-block-separator has-alpha-channel-opacity separator-refe\"\/>\n\n\n\n<ul class=\"wp-block-list\">\n<li>Suomen suurl\u00e4hetyst\u00f6 Pariisissa, jota johtaa suurl\u00e4hettil\u00e4s Matti Anttonen.<\/li>\n\n\n\n<li>Suomen pysyv\u00e4\u00e4 OECD-edustustoa johtaa edustuston p\u00e4\u00e4llikk\u00f6 Pasi-Heikki Vaaranmaa.<\/li>\n\n\n\n<li>Edustustojen keitti\u00f6mestarit Alexandra Marchan-Claude ja Toni Karjalainen tekev\u00e4t tunnetuksi suomalaista ruokakulttuuria Pariisissa. <\/li>\n\n\n\n<li>Keitti\u00f6uudistus toteutettiin vuonna 2017, jolloin keitti\u00f6mestarina toimi Jani Pesola. Nykyisin h\u00e4n toimii suomalaisen Food and Wine Fest Oy:n operatiivisena johtajana.<\/li>\n<\/ul>\n<\/div>\n<\/div>\n<\/div><\/div>","protected":false},"excerpt":{"rendered":"<p>&#8220;One of the best-fitting kitchens I&#8217;ve ever seen&#8221; The kitchen at the Finnish Embassies in Paris differs in nature from standard restaurant kitchens. It serves both the Embassy of Finland in France and the Permanent Representation of Finland to the OECD in Paris. The head chefs at the Embassy create comprehensive experiences to showcase Finnish &#8230; <a title=\"Suomen Pariisin edustot\" class=\"read-more\" href=\"https:\/\/davanti.fi\/fi\/finnish-embassies-in-paris\/\" aria-label=\"Lue lis\u00e4\u00e4 aiheesta Finnish Embassies in Paris\">Lue lis\u00e4\u00e4<\/a><\/p>","protected":false},"author":1,"featured_media":0,"parent":0,"menu_order":0,"comment_status":"closed","ping_status":"closed","template":"","meta":{"footnotes":""},"class_list":["post-105","page","type-page","status-publish"],"_links":{"self":[{"href":"https:\/\/davanti.fi\/fi\/wp-json\/wp\/v2\/pages\/105","targetHints":{"allow":["GET"]}}],"collection":[{"href":"https:\/\/davanti.fi\/fi\/wp-json\/wp\/v2\/pages"}],"about":[{"href":"https:\/\/davanti.fi\/fi\/wp-json\/wp\/v2\/types\/page"}],"author":[{"embeddable":true,"href":"https:\/\/davanti.fi\/fi\/wp-json\/wp\/v2\/users\/1"}],"replies":[{"embeddable":true,"href":"https:\/\/davanti.fi\/fi\/wp-json\/wp\/v2\/comments?post=105"}],"version-history":[{"count":19,"href":"https:\/\/davanti.fi\/fi\/wp-json\/wp\/v2\/pages\/105\/revisions"}],"predecessor-version":[{"id":239,"href":"https:\/\/davanti.fi\/fi\/wp-json\/wp\/v2\/pages\/105\/revisions\/239"}],"wp:attachment":[{"href":"https:\/\/davanti.fi\/fi\/wp-json\/wp\/v2\/media?parent=105"}],"curies":[{"name":"wp","href":"https:\/\/api.w.org\/{rel}","templated":true}]}}