{"id":15,"date":"2025-04-10T07:20:32","date_gmt":"2025-04-10T07:20:32","guid":{"rendered":"https:\/\/davanti.fi\/?page_id=15"},"modified":"2025-05-07T16:30:39","modified_gmt":"2025-05-07T13:30:39","slug":"etusivu","status":"publish","type":"page","link":"https:\/\/davanti.fi\/fi\/","title":{"rendered":"Etusivu"},"content":{"rendered":"<div class=\"wp-block-cover is-light cover-hero\" style=\"min-height:805px;aspect-ratio:unset;\"><img loading=\"lazy\" decoding=\"async\" width=\"2560\" height=\"1074\" class=\"wp-block-cover__image-background wp-image-21\" alt=\"\" src=\"https:\/\/davanti.fi\/wp-content\/uploads\/2025\/04\/davanti-paakuva.jpg\" data-object-fit=\"cover\"\/><span aria-hidden=\"true\" class=\"wp-block-cover__background has-background-dim-0 has-background-dim\" style=\"background-color:#b7b0aa\"><\/span><div class=\"wp-block-cover__inner-container is-layout-constrained wp-block-cover-is-layout-constrained\">\n<p class=\"has-text-align-center has-large-font-size\"><\/p>\n<\/div><\/div>\n\n\n\n<h2 class=\"wp-block-heading eds-on-scroll animated fadeInLeft duration4 translation-block\">Ravintolakeitti\u00f6iden ja <br>salitoimintojen yhdist\u00e4v\u00e4\u00e4 \n <br>suunnittelua vuodesta 1995.<\/h2>\n\n\n\n<div class=\"wp-block-columns columns-full-image columns-main-copy is-layout-flex wp-container-core-columns-is-layout-9d6595d7 wp-block-columns-is-layout-flex\">\n<div class=\"wp-block-column is-vertically-aligned-top is-layout-flow wp-block-column-is-layout-flow\">\n<div class=\"wp-block-group eds-on-scroll animated fadeInLeft duration4\"><div class=\"wp-block-group__inner-container is-layout-constrained wp-block-group-is-layout-constrained\">\n<p>DAVANTI on ensiluokkaisten ravintolakeitti\u00f6iden ja niihin yhdistyvien ravintolasalien toimintojen suunnittelukonsultointiin erikoistunut br\u00e4ndi.<\/p>\n\n\n\n<p>Yrityksen juuret ovat Suomessa ja nojaavat keitti\u00f6suunnittelija Jouni Heinosen vahvaan suunnitteluosaamiseen, projektinhallintataustaan, arkkitehtoniseen ajattelutapaan ja keitti\u00f6alan asiantuntijuuteen.<\/p>\n\n\n\n<p>Pitk\u00e4\u00e4n uraan mahtuu lukuisia uniikkeja tilakokonaisuuksia niin huippuluokan ravintoloihin kuin valtiohallinnon merkitt\u00e4viin rakennuksiin.<\/p>\n<\/div><\/div>\n<\/div>\n\n\n\n<div class=\"wp-block-column is-layout-flow wp-block-column-is-layout-flow\">\n<figure class=\"wp-block-image size-full eds-on-scroll animated fadeInRight duration4\"><img loading=\"lazy\" decoding=\"async\" width=\"910\" height=\"488\" src=\"https:\/\/davanti.fi\/wp-content\/uploads\/2025\/04\/davanti_kuva2.jpg\" alt=\"\" class=\"wp-image-19\"\/><\/figure>\n<\/div>\n<\/div>\n\n\n\n<div class=\"wp-block-cover cover-full cover-designer\" style=\"min-height:604px;aspect-ratio:unset;\"><span aria-hidden=\"true\" class=\"wp-block-cover__background has-contrast-background-color has-background-dim-100 has-background-dim\"><\/span><div class=\"wp-block-cover__inner-container is-layout-constrained wp-block-cover-is-layout-constrained\">\n<div class=\"wp-block-columns is-layout-flex wp-container-core-columns-is-layout-9d6595d7 wp-block-columns-is-layout-flex\">\n<div class=\"wp-block-column is-layout-flow wp-block-column-is-layout-flow\" style=\"flex-basis:33.33%\">\n<figure class=\"wp-block-image size-full is-style-rounded\"><img loading=\"lazy\" decoding=\"async\" width=\"441\" height=\"441\" src=\"https:\/\/davanti.fi\/wp-content\/uploads\/2025\/04\/jouni-heinonen.jpg\" alt=\"\" class=\"wp-image-22\"\/><\/figure>\n<\/div>\n\n\n\n<div class=\"wp-block-column is-vertically-aligned-center is-layout-flow wp-block-column-is-layout-flow\" style=\"flex-basis:66.66%\">\n<h3 class=\"wp-block-heading\" style=\"font-style:normal;font-weight:400\">\u201dSuunnittelemani tilakokonaisuudet mahdollistavat ravintoloitsijan oman luovuuden ja menestyv\u00e4n liiketoiminnan toteuttamisen.\u201d<\/h3>\n\n\n\n<h4 class=\"wp-block-heading\">\u2013 Jouni Heinonen<\/h4>\n\n\n\n<div style=\"height:2rem\" aria-hidden=\"true\" class=\"wp-block-spacer\"><\/div>\n\n\n\n<div class=\"wp-block-buttons is-layout-flex wp-block-buttons-is-layout-flex\">\n<div class=\"wp-block-button\"><a class=\"wp-block-button__link wp-element-button\" href=\"https:\/\/davanti.fi\/fi\/design\/\">Tutustu<\/a><\/div>\n<\/div>\n<\/div>\n<\/div>\n<\/div><\/div>\n\n\n\n<div class=\"wp-block-cover cover-full\"><span aria-hidden=\"true\" class=\"wp-block-cover__background has-dav-beige-background-color has-background-dim-100 has-background-dim\"><\/span><div class=\"wp-block-cover__inner-container is-layout-constrained wp-block-cover-is-layout-constrained\">\n<div class=\"wp-block-columns columns-extrawide is-layout-flex wp-container-core-columns-is-layout-9d6595d7 wp-block-columns-is-layout-flex\">\n<div class=\"wp-block-column is-vertically-aligned-center is-layout-flow wp-block-column-is-layout-flow\">\n<p class=\"has-contrast-color has-text-color has-link-color wp-elements-47c2d9d65383b202a819406b60cab77d\">DAVANTIN Jouni Heinonen on uransa aikana suunnitellut satoja keitti\u00f6it\u00e4 vaativiin tarpeisiin. Esittelyss\u00e4 on kohteita, joissa suunnittelu on aloitettu koko ravintolalle varatun raakatilan suunnittelusta.<\/p>\n\n\n\n<p class=\"has-contrast-color has-text-color has-link-color wp-elements-a8e2e6570cd3a5aeb0272818fef06a33\">Keitti\u00f6ille ja ravintolasalin toiminnoille etsit\u00e4\u00e4n ihanteelliset paikat sek\u00e4 varmistetaan riitt\u00e4vien asiakaspaikkojen toteutuminen.<\/p>\n<\/div>\n\n\n\n<div class=\"wp-block-column is-layout-flow wp-block-column-is-layout-flow\">\n<figure class=\"wp-block-image size-full\"><img loading=\"lazy\" decoding=\"async\" width=\"650\" height=\"459\" src=\"https:\/\/davanti.fi\/wp-content\/uploads\/2025\/04\/davanti_popino_model.png\" alt=\"\" class=\"wp-image-20\" srcset=\"https:\/\/davanti.fi\/wp-content\/uploads\/2025\/04\/davanti_popino_model.png 650w, https:\/\/davanti.fi\/wp-content\/uploads\/2025\/04\/davanti_popino_model-18x12.png 18w\" sizes=\"auto, (max-width: 650px) 100vw, 650px\" \/><\/figure>\n<\/div>\n<\/div>\n<\/div><\/div>\n\n\n\n<div class=\"wp-block-columns columns-full-image is-layout-flex wp-container-core-columns-is-layout-9d6595d7 wp-block-columns-is-layout-flex\">\n<div class=\"wp-block-column is-vertically-aligned-center is-layout-flow wp-block-column-is-layout-flow\">\n<div class=\"wp-block-group\"><div class=\"wp-block-group__inner-container is-layout-constrained wp-block-group-is-layout-constrained\">\n<div class=\"wp-block-columns columns-refe-header is-layout-flex wp-container-core-columns-is-layout-9d6595d7 wp-block-columns-is-layout-flex\">\n<div class=\"wp-block-column is-layout-flow wp-block-column-is-layout-flow\">\n<h3 class=\"wp-block-heading\">Ravintola <br>Demo Helsinki<\/h3>\n<\/div>\n\n\n\n<div class=\"wp-block-column is-vertically-aligned-center is-layout-flow wp-block-column-is-layout-flow\">\n<figure class=\"wp-block-image size-full\"><img loading=\"lazy\" decoding=\"async\" width=\"52\" height=\"57\" src=\"https:\/\/davanti.fi\/wp-content\/uploads\/2025\/04\/MichelinStar.png\" alt=\"\" class=\"wp-image-77\" srcset=\"https:\/\/davanti.fi\/wp-content\/uploads\/2025\/04\/MichelinStar.png 52w, https:\/\/davanti.fi\/wp-content\/uploads\/2025\/04\/MichelinStar-11x12.png 11w\" sizes=\"auto, (max-width: 52px) 100vw, 52px\" \/><\/figure>\n<\/div>\n<\/div>\n\n\n\n<hr class=\"wp-block-separator has-alpha-channel-opacity separator-refe\"\/>\n\n\n\n<p>Suomen pitk\u00e4ik\u00e4isin Michelin-t\u00e4hditetty ravintola toimi Uudenmaankadulla Helsingiss\u00e4 vuodesta 2003 l\u00e4htien. Lokakuussa 2024 avattiin uudet tilat Ruoholahdessa.<\/p>\n\n\n\n<div style=\"height:1rem\" aria-hidden=\"true\" class=\"wp-block-spacer\"><\/div>\n\n\n\n<div class=\"wp-block-buttons is-layout-flex wp-block-buttons-is-layout-flex\">\n<div class=\"wp-block-button\"><a class=\"wp-block-button__link wp-element-button\" href=\"https:\/\/davanti.fi\/fi\/restaurant-demo-helsinki\/\">Tutustu<\/a><\/div>\n<\/div>\n<\/div><\/div>\n<\/div>\n\n\n\n<div class=\"wp-block-column is-layout-flow wp-block-column-is-layout-flow\">\n<figure class=\"wp-block-image size-full\"><img loading=\"lazy\" decoding=\"async\" width=\"910\" height=\"607\" src=\"https:\/\/davanti.fi\/wp-content\/uploads\/2025\/04\/demo_fp.jpg\" alt=\"\" class=\"wp-image-74\" srcset=\"https:\/\/davanti.fi\/wp-content\/uploads\/2025\/04\/demo_fp.jpg 910w, https:\/\/davanti.fi\/wp-content\/uploads\/2025\/04\/demo_fp-18x12.jpg 18w\" sizes=\"auto, (max-width: 910px) 100vw, 910px\" \/><\/figure>\n<\/div>\n<\/div>\n\n\n\n<div class=\"wp-block-columns columns-full-image columns-reverse is-layout-flex wp-container-core-columns-is-layout-9d6595d7 wp-block-columns-is-layout-flex\">\n<div class=\"wp-block-column is-layout-flow wp-block-column-is-layout-flow\">\n<figure class=\"wp-block-image size-full\"><img loading=\"lazy\" decoding=\"async\" width=\"700\" height=\"467\" src=\"https:\/\/davanti.fi\/wp-content\/uploads\/2025\/04\/Factory-Iso-Omena-11.jpg\" alt=\"\" class=\"wp-image-30\" srcset=\"https:\/\/davanti.fi\/wp-content\/uploads\/2025\/04\/Factory-Iso-Omena-11.jpg 700w, https:\/\/davanti.fi\/wp-content\/uploads\/2025\/04\/Factory-Iso-Omena-11-18x12.jpg 18w\" sizes=\"auto, (max-width: 700px) 100vw, 700px\" \/><\/figure>\n<\/div>\n\n\n\n<div class=\"wp-block-column is-vertically-aligned-center is-layout-flow wp-block-column-is-layout-flow\">\n<div class=\"wp-block-group\"><div class=\"wp-block-group__inner-container is-layout-constrained wp-block-group-is-layout-constrained\">\n<h3 class=\"wp-block-heading\">Factory-ravintolat <br>Finland<\/h3>\n\n\n\n<hr class=\"wp-block-separator has-alpha-channel-opacity separator-refe\"\/>\n\n\n\n<p>Vuonna 2000 perustetulla perheyhti\u00f6n ravintolaketjulla on 21 buffet-periaatteella toimivaa lounasravintolaa Suomessa.<\/p>\n\n\n\n<div style=\"height:1rem\" aria-hidden=\"true\" class=\"wp-block-spacer\"><\/div>\n\n\n\n<div class=\"wp-block-buttons is-layout-flex wp-block-buttons-is-layout-flex\">\n<div class=\"wp-block-button\"><a class=\"wp-block-button__link wp-element-button\" href=\"https:\/\/davanti.fi\/fi\/factory-restaurants-finland\/\">Tutustu<\/a><\/div>\n<\/div>\n<\/div><\/div>\n<\/div>\n<\/div>\n\n\n\n<div class=\"wp-block-columns columns-full-image is-layout-flex wp-container-core-columns-is-layout-9d6595d7 wp-block-columns-is-layout-flex\">\n<div class=\"wp-block-column is-vertically-aligned-center is-layout-flow wp-block-column-is-layout-flow\">\n<div class=\"wp-block-group\"><div class=\"wp-block-group__inner-container is-layout-constrained wp-block-group-is-layout-constrained\">\n<h3 class=\"wp-block-heading\">Suomen Pariisin edustot<\/h3>\n\n\n\n<hr class=\"wp-block-separator has-alpha-channel-opacity separator-refe\"\/>\n\n\n\n<p>Suomen Pariisin edustustojen keitti\u00f6uudistuksen suunnittelu tilattiin kokonaisuudessaan Davantilta Suomesta. Kokonaisratkaisulla lopputuloksesta saatiin paras mahdollinen.<\/p>\n\n\n\n<div style=\"height:1rem\" aria-hidden=\"true\" class=\"wp-block-spacer\"><\/div>\n\n\n\n<div class=\"wp-block-buttons is-layout-flex wp-block-buttons-is-layout-flex\">\n<div class=\"wp-block-button\"><a class=\"wp-block-button__link wp-element-button\" href=\"https:\/\/davanti.fi\/fi\/finnish-embassies-in-paris\/\">Tutustu<\/a><\/div>\n<\/div>\n<\/div><\/div>\n<\/div>\n\n\n\n<div class=\"wp-block-column is-layout-flow wp-block-column-is-layout-flow\">\n<figure class=\"wp-block-image size-full\"><img loading=\"lazy\" decoding=\"async\" width=\"1352\" height=\"787\" src=\"https:\/\/davanti.fi\/wp-content\/uploads\/2025\/05\/20170721_183629.jpg\" alt=\"\" class=\"wp-image-207\" srcset=\"https:\/\/davanti.fi\/wp-content\/uploads\/2025\/05\/20170721_183629.jpg 1352w, https:\/\/davanti.fi\/wp-content\/uploads\/2025\/05\/20170721_183629-18x10.jpg 18w\" sizes=\"auto, (max-width: 1352px) 100vw, 1352px\" \/><\/figure>\n<\/div>\n<\/div>\n\n\n\n<div class=\"wp-block-cover cover-full cover-bocuse\"><span aria-hidden=\"true\" class=\"wp-block-cover__background has-dav-beige-background-color has-background-dim-100 has-background-dim\"><\/span><div class=\"wp-block-cover__inner-container is-layout-constrained wp-block-cover-is-layout-constrained\">\n<div class=\"wp-block-columns is-layout-flex wp-container-core-columns-is-layout-9d6595d7 wp-block-columns-is-layout-flex\">\n<div class=\"wp-block-column is-vertically-aligned-center is-layout-flow wp-block-column-is-layout-flow\">\n<figure class=\"wp-block-image size-full\"><img loading=\"lazy\" decoding=\"async\" width=\"650\" height=\"503\" src=\"https:\/\/davanti.fi\/wp-content\/uploads\/2025\/04\/davanti_bocuse.jpg\" alt=\"\" class=\"wp-image-17\"\/><\/figure>\n<\/div>\n\n\n\n<div class=\"wp-block-column is-vertically-aligned-center is-layout-flow wp-block-column-is-layout-flow\">\n<h3 class=\"wp-block-heading has-contrast-color has-text-color has-link-color wp-elements-7b761552bc8cdfebdcebcc5c3c180ea6\">Yhteisty\u00f6ss\u00e4 Bocuse d\u2019Or Team Finland<\/h3>\n\n\n\n<hr class=\"wp-block-separator has-alpha-channel-opacity separator-refe\"\/>\n\n\n\n<p class=\"has-contrast-color has-text-color has-link-color wp-elements-fd011e15ac2f8432e5073801ecaab51e\">DAVANTI toimi arvostetun Bocuse d\u2019Or -kokkikilpailun Suomen edustajien sponsorina, keitti\u00f6suunnittelijana ja teknisen\u00e4 tukena 2013\u20132020.<\/p>\n\n\n\n<ul class=\"wp-block-list\">\n<li class=\"has-contrast-color has-text-color has-link-color wp-elements-c8a0d1a04112ed00b1d13f0c7e0b49ca\">T\u00e4ysin uudenlaisten keitti\u00f6laitteiden, prototyyppien ja ty\u00f6v\u00e4lineiden suunnittelu harjoitus- ja kilpailuk\u00e4ytt\u00f6\u00f6n, kilpailijoiden tarpeiden mukaan.<\/li>\n\n\n\n<li class=\"has-contrast-color has-text-color has-link-color wp-elements-4bf10e8c5b0dd585a1f6ad0446a72901\">Lis\u00e4ksi Suomen kilpailuihin ja tilauksiin tarkoitettujen keitti\u00f6iden suunnittelu esimerkiksi Hackman-Fiskars-Arabian toimitiloihin.<\/li>\n<\/ul>\n<\/div>\n<\/div>\n<\/div><\/div>","protected":false},"excerpt":{"rendered":"<p>Design that seamlessly combines restaurant kitchens and dining areas since 1995. DAVANTI is a brand specializing in design consulting for premium restaurant kitchens and their connected dining room operations. The company&#8217;s foundation lies in Finland and is built upon the strong design skills, project management experience, architectural thinking, and kitchen industry knowledge of kitchen designer &#8230; <a title=\"Etusivu\" class=\"read-more\" href=\"https:\/\/davanti.fi\/fi\/\" aria-label=\"Lue lis\u00e4\u00e4 aiheesta Homepage\">Lue lis\u00e4\u00e4<\/a><\/p>","protected":false},"author":1,"featured_media":0,"parent":0,"menu_order":0,"comment_status":"closed","ping_status":"closed","template":"","meta":{"footnotes":""},"class_list":["post-15","page","type-page","status-publish"],"_links":{"self":[{"href":"https:\/\/davanti.fi\/fi\/wp-json\/wp\/v2\/pages\/15","targetHints":{"allow":["GET"]}}],"collection":[{"href":"https:\/\/davanti.fi\/fi\/wp-json\/wp\/v2\/pages"}],"about":[{"href":"https:\/\/davanti.fi\/fi\/wp-json\/wp\/v2\/types\/page"}],"author":[{"embeddable":true,"href":"https:\/\/davanti.fi\/fi\/wp-json\/wp\/v2\/users\/1"}],"replies":[{"embeddable":true,"href":"https:\/\/davanti.fi\/fi\/wp-json\/wp\/v2\/comments?post=15"}],"version-history":[{"count":56,"href":"https:\/\/davanti.fi\/fi\/wp-json\/wp\/v2\/pages\/15\/revisions"}],"predecessor-version":[{"id":238,"href":"https:\/\/davanti.fi\/fi\/wp-json\/wp\/v2\/pages\/15\/revisions\/238"}],"wp:attachment":[{"href":"https:\/\/davanti.fi\/fi\/wp-json\/wp\/v2\/media?parent=15"}],"curies":[{"name":"wp","href":"https:\/\/api.w.org\/{rel}","templated":true}]}}