{"id":61,"date":"2025-04-10T12:11:19","date_gmt":"2025-04-10T09:11:19","guid":{"rendered":"https:\/\/davanti.fi\/?page_id=61"},"modified":"2025-05-07T11:32:38","modified_gmt":"2025-05-07T08:32:38","slug":"design","status":"publish","type":"page","link":"https:\/\/davanti.fi\/fi\/design\/","title":{"rendered":"Suunnittelu"},"content":{"rendered":"<div class=\"wp-block-cover cover-hero\" style=\"min-height:625px;aspect-ratio:unset;\"><img loading=\"lazy\" decoding=\"async\" width=\"2560\" height=\"833\" class=\"wp-block-cover__image-background wp-image-36 size-full\" alt=\"\" src=\"https:\/\/davanti.fi\/wp-content\/uploads\/2025\/04\/davanti_suurlahetysto.jpg\" data-object-fit=\"cover\"\/><span aria-hidden=\"true\" class=\"wp-block-cover__background has-background-dim-0 has-background-dim\" style=\"background-color:#7a7978\"><\/span><div class=\"wp-block-cover__inner-container is-layout-constrained wp-block-cover-is-layout-constrained\">\n<p class=\"has-text-align-center has-large-font-size\"><\/p>\n<\/div><\/div>\n\n\n\n<div class=\"wp-block-cover cover-full\" style=\"min-height:590px;aspect-ratio:unset;\"><span aria-hidden=\"true\" class=\"wp-block-cover__background has-dav-beige-background-color has-background-dim-100 has-background-dim\"><\/span><div class=\"wp-block-cover__inner-container is-layout-constrained wp-block-cover-is-layout-constrained\">\n<div class=\"wp-block-columns is-layout-flex wp-container-core-columns-is-layout-9d6595d7 wp-block-columns-is-layout-flex\">\n<div class=\"wp-block-column is-vertically-aligned-center is-layout-flow wp-block-column-is-layout-flow\" style=\"flex-basis:58%\">\n<h2 class=\"wp-block-heading\">Ravintolakeitti\u00f6iden kokonaisvaltaista suunnittelu-konsultaatiota<\/h2>\n<\/div>\n\n\n\n<div class=\"wp-block-column is-vertically-aligned-center is-layout-flow wp-block-column-is-layout-flow\" style=\"flex-basis:42%\"><div class=\"wp-block-image\">\n<figure class=\"alignright size-full\"><img loading=\"lazy\" decoding=\"async\" width=\"800\" height=\"664\" src=\"https:\/\/davanti.fi\/wp-content\/uploads\/2025\/04\/davanti_pohjapiirros.png\" alt=\"\" class=\"wp-image-35\" srcset=\"https:\/\/davanti.fi\/wp-content\/uploads\/2025\/04\/davanti_pohjapiirros.png 800w, https:\/\/davanti.fi\/wp-content\/uploads\/2025\/04\/davanti_pohjapiirros-14x12.png 14w\" sizes=\"auto, (max-width: 800px) 100vw, 800px\" \/><\/figure>\n<\/div><\/div>\n<\/div>\n<\/div><\/div>\n\n\n\n<div style=\"height:3rem\" aria-hidden=\"true\" class=\"wp-block-spacer\"><\/div>\n\n\n\n<div class=\"wp-block-columns columns-mobile-reverse is-layout-flex wp-container-core-columns-is-layout-9d6595d7 wp-block-columns-is-layout-flex\">\n<div class=\"wp-block-column is-layout-flow wp-block-column-is-layout-flow\">\n<h3 class=\"wp-block-heading\">Kokenut kokonaisuuksien suunnittelija<\/h3>\n\n\n\n<hr class=\"wp-block-separator has-alpha-channel-opacity separator-refe\"\/>\n\n\n\n<p>DAVANTIN Jouni Heinonen on vahvalla osaamistaustalla varustettu ravintolakeitti\u00f6iden ja tilakokokonaisuuksien suunnittelukonsultti. Keitti\u00f6alalla vuodesta 1986 l\u00e4htien ty\u00f6skennellyt Heinonen on vierailut uransa aikana tuhansissa ammattikeitti\u00f6iss\u00e4 niin Suomessa kuin maailmalla, hakien oppia ja inspiraatiota.<\/p>\n\n\n\n<p>Ravintolakeitti\u00f6iden suunnittelussa Heinonen tekee tiivist\u00e4 yhteisty\u00f6t\u00e4 niin ravintoloitsijoiden, keitti\u00f6mestareiden, kokkien kuin projektiin osallistuvien muiden ammattilaisten kanssa. Laaja osaaminen, korkea ty\u00f6moraali ja vahva sitoutuminen projektien loppuun asti viemiseen tuottavat laadukasta ty\u00f6nj\u00e4lke\u00e4 sek\u00e4 toiminnallisia, asiakkaan ravintolaliiketoimintaa edist\u00e4vi\u00e4 ratkaisuja.<\/p>\n<\/div>\n\n\n\n<div class=\"wp-block-column is-layout-flow wp-block-column-is-layout-flow\">\n<figure class=\"wp-block-image size-full responsive-tweak\"><img loading=\"lazy\" decoding=\"async\" width=\"612\" height=\"613\" src=\"https:\/\/davanti.fi\/wp-content\/uploads\/2025\/04\/jouniheinonen-2.jpg\" alt=\"\" class=\"wp-image-37\"\/><\/figure>\n<\/div>\n<\/div>\n\n\n\n<div class=\"wp-block-columns is-layout-flex wp-container-core-columns-is-layout-9d6595d7 wp-block-columns-is-layout-flex\">\n<div class=\"wp-block-column is-layout-flow wp-block-column-is-layout-flow\">\n<figure class=\"wp-block-image size-full responsive-tweak\"><img loading=\"lazy\" decoding=\"async\" width=\"652\" height=\"559\" src=\"https:\/\/davanti.fi\/wp-content\/uploads\/2025\/04\/davanti_luhta-tower-cafe.jpg\" alt=\"\" class=\"wp-image-34\"\/><\/figure>\n<\/div>\n\n\n\n<div class=\"wp-block-column is-layout-flow wp-block-column-is-layout-flow\">\n<h3 class=\"wp-block-heading\">Monipuolinen osaaminen: tilasuunnittelu, projektinjohto ja rakentaminen<\/h3>\n\n\n\n<hr class=\"wp-block-separator has-alpha-channel-opacity separator-refe\"\/>\n\n\n\n<ul class=\"wp-block-list\">\n<li>Laaja ymm\u00e4rrys ravintolakeitti\u00f6iden tarpeista ja ravintolaliiketoiminnan menestystekij\u00f6ist\u00e4<\/li>\n\n\n\n<li>Aktiivinen yhteydenpito muihin suunnittelijoihin, arkkitehteihin ja urakoitsijoihin<\/li>\n\n\n\n<li>Laaja kontaktiverkosto ammattikeitti\u00f6laitteiden j\u00e4lleenmyyjiin ja tehtaisiin helpottaa kustannustehokkaimpien ratkaisujen valintaa<\/li>\n\n\n\n<li>Pitk\u00e4t asiakassuhteet ja korkea asiakastyytyv\u00e4isyys<\/li>\n\n\n\n<li>Ty\u00f6kielet: englanti ja suomi<\/li>\n<\/ul>\n<\/div>\n<\/div>\n\n\n\n<div style=\"height:2rem\" aria-hidden=\"true\" class=\"wp-block-spacer\"><\/div>\n\n\n\n<h3 class=\"wp-block-heading\">Ty\u00f6skentelyprosessin osa-alueet <br>\u2013 toteutus tilaajan tarpeen mukaan<\/h3>\n\n\n\n<div style=\"height:2rem\" aria-hidden=\"true\" class=\"wp-block-spacer\"><\/div>\n\n\n\n<div class=\"wp-block-columns is-layout-flex wp-container-core-columns-is-layout-9d6595d7 wp-block-columns-is-layout-flex\">\n<div class=\"wp-block-column is-layout-flow wp-block-column-is-layout-flow\">\n<div class=\"dav-design-desc-header\" onclick=\"this.classList.toggle('is-open');\">\n<h5>Alustava tila- ja budjettisuunnittelu<\/h5>\n<\/div>\n<div class=\"dav-design-desc-content\">\n<div>\n\n\n\n<\/div>\r\n<\/div>\n\n\n\n<div class=\"dav-design-desc-header\" onclick=\"this.classList.toggle('is-open');\">\n<h5>Erikoissuunnittelu<\/h5>\n<\/div>\n<div class=\"dav-design-desc-content\">\n<div>\n\n\n\n<\/div>\r\n<\/div>\n\n\n\n<div class=\"dav-design-desc-header\" onclick=\"this.classList.toggle('is-open');\">\n<h5>Tarkennettu budjettisuunnittelu<\/h5>\n<\/div>\n<div class=\"dav-design-desc-content\">\n<div>\n\n\n\n<\/div>\r\n<\/div>\n\n\n\n<div class=\"dav-design-desc-header\" onclick=\"this.classList.toggle('is-open');\">\n<h5>Tekninen suunnittelu<\/h5>\n<\/div>\n<div class=\"dav-design-desc-content\">\n<div>\n\n\n\n<\/div>\r\n<\/div>\n\n\n\n<div class=\"dav-design-desc-header\" onclick=\"this.classList.toggle('is-open');\">\n<h5>Yhteistoiminta muiden suunnittelijoiden ja laitetoimittajan kanssa<\/h5>\n<\/div>\n<div class=\"dav-design-desc-content\">\n<div>\n\n\n\n<\/div>\r\n<\/div>\n\n\n\n<div class=\"dav-design-desc-header\" onclick=\"this.classList.toggle('is-open');\">\n<h5>Yhteistoiminta urakoitsijoiden kanssa<\/h5>\n<\/div>\n<div class=\"dav-design-desc-content\">\n<div>\n\n\n\n<\/div>\r\n<\/div>\n\n\n\n<div class=\"dav-design-desc-header\" onclick=\"this.classList.toggle('is-open');\">\n<h5>Projektin yhteenveto tilaajan kanssa<\/h5>\n<\/div>\n<div class=\"dav-design-desc-content\">\n<div>\n\n\n\n<\/div>\r\n<\/div>\n\n\n\n<div class=\"dav-design-desc-header\" onclick=\"this.classList.toggle('is-open');\">\n<h5>Huolenpito ravintolan ensimm\u00e4isen toimintavuoden aikana<\/h5>\n<\/div>\n<div class=\"dav-design-desc-content\">\n<div>\n\n\n\n<\/div>\r\n<\/div>\n<\/div>\n\n\n\n<div class=\"wp-block-column is-layout-flow wp-block-column-is-layout-flow\">\n<figure class=\"wp-block-image size-full responsive-tweak\"><img loading=\"lazy\" decoding=\"async\" width=\"650\" height=\"745\" src=\"https:\/\/davanti.fi\/wp-content\/uploads\/2025\/04\/852_suoristettu_web.jpg\" alt=\"\" class=\"wp-image-160\" srcset=\"https:\/\/davanti.fi\/wp-content\/uploads\/2025\/04\/852_suoristettu_web.jpg 650w, https:\/\/davanti.fi\/wp-content\/uploads\/2025\/04\/852_suoristettu_web-10x12.jpg 10w\" sizes=\"auto, (max-width: 650px) 100vw, 650px\" \/><\/figure>\n<\/div>\n<\/div>\n\n\n\n<div style=\"height:4rem\" aria-hidden=\"true\" class=\"wp-block-spacer\"><\/div>\n\n\n\n<div class=\"wp-block-cover cover-full\"><span aria-hidden=\"true\" class=\"wp-block-cover__background has-dav-beige-background-color has-background-dim-100 has-background-dim\"><\/span><div class=\"wp-block-cover__inner-container is-layout-constrained wp-block-cover-is-layout-constrained\">\n<h3 class=\"wp-block-heading\">Tutustu referensseihin<\/h3>\n\n\n\n<div class=\"wp-block-columns columns-refe-infobox is-layout-flex wp-container-core-columns-is-layout-9d6595d7 wp-block-columns-is-layout-flex\">\n<div class=\"wp-block-column is-vertically-aligned-center is-layout-flow wp-block-column-is-layout-flow\">\n<figure class=\"wp-block-image size-full\"><img loading=\"lazy\" decoding=\"async\" width=\"910\" height=\"607\" src=\"https:\/\/davanti.fi\/wp-content\/uploads\/2025\/04\/demo_fp.jpg\" alt=\"\" class=\"wp-image-74\" srcset=\"https:\/\/davanti.fi\/wp-content\/uploads\/2025\/04\/demo_fp.jpg 910w, https:\/\/davanti.fi\/wp-content\/uploads\/2025\/04\/demo_fp-18x12.jpg 18w\" sizes=\"auto, (max-width: 910px) 100vw, 910px\" \/><\/figure>\n\n\n\n<h6 class=\"wp-block-heading\">Ravintola Demo<\/h6>\n\n\n\n<div class=\"wp-block-buttons is-layout-flex wp-block-buttons-is-layout-flex\">\n<div class=\"wp-block-button\"><a class=\"wp-block-button__link wp-element-button\" href=\"https:\/\/davanti.fi\/fi\/restaurant-demo-helsinki\/\">Tutustu<\/a><\/div>\n<\/div>\n<\/div>\n\n\n\n<div class=\"wp-block-column is-vertically-aligned-center is-layout-flow wp-block-column-is-layout-flow\">\n<figure class=\"wp-block-image size-full\"><img loading=\"lazy\" decoding=\"async\" width=\"700\" height=\"467\" src=\"https:\/\/davanti.fi\/wp-content\/uploads\/2025\/04\/Factory-Iso-Omena-11.jpg\" alt=\"\" class=\"wp-image-30\" srcset=\"https:\/\/davanti.fi\/wp-content\/uploads\/2025\/04\/Factory-Iso-Omena-11.jpg 700w, https:\/\/davanti.fi\/wp-content\/uploads\/2025\/04\/Factory-Iso-Omena-11-18x12.jpg 18w\" sizes=\"auto, (max-width: 700px) 100vw, 700px\" \/><\/figure>\n\n\n\n<h6 class=\"wp-block-heading\">Factory-ravintolat<\/h6>\n\n\n\n<div class=\"wp-block-buttons is-layout-flex wp-block-buttons-is-layout-flex\">\n<div class=\"wp-block-button\"><a class=\"wp-block-button__link wp-element-button\" href=\"https:\/\/davanti.fi\/fi\/factory-restaurants-finland\/\">Tutustu<\/a><\/div>\n<\/div>\n<\/div>\n\n\n\n<div class=\"wp-block-column is-vertically-aligned-center is-layout-flow wp-block-column-is-layout-flow\">\n<figure class=\"wp-block-image size-full\"><img loading=\"lazy\" decoding=\"async\" width=\"650\" height=\"425\" src=\"https:\/\/davanti.fi\/wp-content\/uploads\/2025\/04\/embassy01.jpg\" alt=\"\" class=\"wp-image-155\" srcset=\"https:\/\/davanti.fi\/wp-content\/uploads\/2025\/04\/embassy01.jpg 650w, https:\/\/davanti.fi\/wp-content\/uploads\/2025\/04\/embassy01-18x12.jpg 18w\" sizes=\"auto, (max-width: 650px) 100vw, 650px\" \/><\/figure>\n\n\n\n<h6 class=\"wp-block-heading\">Suomen Pariisin edustot<\/h6>\n\n\n\n<div class=\"wp-block-buttons is-layout-flex wp-block-buttons-is-layout-flex\">\n<div class=\"wp-block-button\"><a class=\"wp-block-button__link wp-element-button\" href=\"https:\/\/davanti.fi\/fi\/finnish-embassies-in-paris\/\">Tutustu<\/a><\/div>\n<\/div>\n<\/div>\n<\/div>\n<\/div><\/div>\n\n\n\n<p><\/p>","protected":false},"excerpt":{"rendered":"<p>Experienced designer of comprehensive concepts DAVANTI&#8217;s Jouni Heinonen is a design consultant for restaurant kitchens and facilities, backed by a strong foundation of expertise. Having worked in the kitchen industry since 1986, Heinonen has visited thousands of professional kitchens domestically and worldwide throughout his career, to gain insights and find inspiration. In restaurant kitchen design, &#8230; <a title=\"Suunnittelu\" class=\"read-more\" href=\"https:\/\/davanti.fi\/fi\/design\/\" aria-label=\"Lue lis\u00e4\u00e4 aiheesta Design\">Lue lis\u00e4\u00e4<\/a><\/p>","protected":false},"author":1,"featured_media":0,"parent":0,"menu_order":0,"comment_status":"closed","ping_status":"closed","template":"","meta":{"footnotes":""},"class_list":["post-61","page","type-page","status-publish"],"_links":{"self":[{"href":"https:\/\/davanti.fi\/fi\/wp-json\/wp\/v2\/pages\/61","targetHints":{"allow":["GET"]}}],"collection":[{"href":"https:\/\/davanti.fi\/fi\/wp-json\/wp\/v2\/pages"}],"about":[{"href":"https:\/\/davanti.fi\/fi\/wp-json\/wp\/v2\/types\/page"}],"author":[{"embeddable":true,"href":"https:\/\/davanti.fi\/fi\/wp-json\/wp\/v2\/users\/1"}],"replies":[{"embeddable":true,"href":"https:\/\/davanti.fi\/fi\/wp-json\/wp\/v2\/comments?post=61"}],"version-history":[{"count":24,"href":"https:\/\/davanti.fi\/fi\/wp-json\/wp\/v2\/pages\/61\/revisions"}],"predecessor-version":[{"id":229,"href":"https:\/\/davanti.fi\/fi\/wp-json\/wp\/v2\/pages\/61\/revisions\/229"}],"wp:attachment":[{"href":"https:\/\/davanti.fi\/fi\/wp-json\/wp\/v2\/media?parent=61"}],"curies":[{"name":"wp","href":"https:\/\/api.w.org\/{rel}","templated":true}]}}