{"id":99,"date":"2025-04-16T18:54:12","date_gmt":"2025-04-16T15:54:12","guid":{"rendered":"https:\/\/davanti.fi\/?page_id=99"},"modified":"2025-04-22T11:47:29","modified_gmt":"2025-04-22T08:47:29","slug":"restaurant-demo-helsinki","status":"publish","type":"page","link":"https:\/\/davanti.fi\/fi\/restaurant-demo-helsinki\/","title":{"rendered":"Ravintola Demo Helsinki"},"content":{"rendered":"<div class=\"wp-block-cover cover-hero\" style=\"min-height:624px;aspect-ratio:unset;\"><img loading=\"lazy\" decoding=\"async\" width=\"2560\" height=\"832\" class=\"wp-block-cover__image-background wp-image-24 size-full\" alt=\"\" src=\"https:\/\/davanti.fi\/wp-content\/uploads\/2025\/04\/E5A1491.jpg\" data-object-fit=\"cover\"\/><span aria-hidden=\"true\" class=\"wp-block-cover__background has-background-dim-0 has-background-dim\" style=\"background-color:#8b776b\"><\/span><div class=\"wp-block-cover__inner-container is-layout-constrained wp-block-cover-is-layout-constrained\">\n<p class=\"has-text-align-center has-large-font-size\"><\/p>\n<\/div><\/div>\n\n\n\n<div class=\"wp-block-cover cover-full\" style=\"min-height:590px;aspect-ratio:unset;\"><span aria-hidden=\"true\" class=\"wp-block-cover__background has-dav-beige-background-color has-background-dim-100 has-background-dim\"><\/span><div class=\"wp-block-cover__inner-container is-layout-constrained wp-block-cover-is-layout-constrained\">\n<div class=\"wp-block-columns is-layout-flex wp-container-core-columns-is-layout-9d6595d7 wp-block-columns-is-layout-flex\">\n<div class=\"wp-block-column is-vertically-aligned-center eds-on-scroll animated fadeInLeft duration4 is-layout-flow wp-block-column-is-layout-flow\" style=\"flex-basis:40%\">\n<h4 class=\"wp-block-heading\">Referenssi<\/h4>\n\n\n\n<h2 class=\"wp-block-heading\">Ravintola Demo Helsinki<\/h2>\n\n\n\n<hr class=\"wp-block-separator has-alpha-channel-opacity separator-refe\"\/>\n\n\n\n<h5 class=\"wp-block-heading has-contrast-color has-text-color has-link-color wp-elements-d93c0644fb1ee94e08392200df368980\">Tommi Tuominen<br>Ravintoloitsija, keitti\u00f6mestari<\/h5>\n<\/div>\n\n\n\n<div class=\"wp-block-column is-vertically-aligned-center eds-on-scroll animated fadeInRight duration4 is-layout-flow wp-block-column-is-layout-flow\" style=\"flex-basis:60%\"><div class=\"wp-block-image\">\n<figure class=\"alignright size-full\"><img loading=\"lazy\" decoding=\"async\" width=\"800\" height=\"663\" src=\"https:\/\/davanti.fi\/wp-content\/uploads\/2025\/04\/davanti_demo_pohja.png\" alt=\"\" class=\"wp-image-27\" srcset=\"https:\/\/davanti.fi\/wp-content\/uploads\/2025\/04\/davanti_demo_pohja.png 800w, https:\/\/davanti.fi\/wp-content\/uploads\/2025\/04\/davanti_demo_pohja-14x12.png 14w\" sizes=\"auto, (max-width: 800px) 100vw, 800px\" \/><\/figure>\n<\/div><\/div>\n<\/div>\n<\/div><\/div>\n\n\n\n<div style=\"height:3rem\" aria-hidden=\"true\" class=\"wp-block-spacer\"><\/div>\n\n\n\n<div class=\"wp-block-columns columns-mobile-reverse is-layout-flex wp-container-core-columns-is-layout-9d6595d7 wp-block-columns-is-layout-flex\">\n<div class=\"wp-block-column is-layout-flow wp-block-column-is-layout-flow\">\n<h3 class=\"wp-block-heading\">\u201dDemon keitti\u00f6 on l\u00e4hell\u00e4 unelmakeitti\u00f6t\u00e4ni\u201d<\/h3>\n\n\n\n<hr class=\"wp-block-separator has-alpha-channel-opacity separator-refe\"\/>\n\n\n\n<p>Keitti\u00f6suunnittelussa on helppo luottaa ammattilaiseen, jonka kanssa yhteisty\u00f6 sujuu. DAVANTIN \/ Jouni Heinosen suunnitteluosaamisesta on hyv\u00e4t kokemukset jo kahdessa aiemmassa keitti\u00f6projektissa. Kovan luokan keitti\u00f6suunnittelijalla on taito mukauttaa suunnittelu eri liiketoimintojen ja keitti\u00f6iden tarpeisiin, on ruokamaailma sitten Casual tai Fine Dining. Jouni reagoi superhienosti projektien aikana eteen tuleviin haasteisiin sek\u00e4 l\u00f6yt\u00e4\u00e4 niihin meit\u00e4 parhaiten palvelevat ratkaisut. Arvostan erityisesti sit\u00e4, miten suunnitteluprosessissa l\u00e4hdet\u00e4\u00e4n liikkeelle ja miten se vied\u00e4\u00e4n loppuun asti. Jounilla on harvinaisen hyv\u00e4 ymm\u00e4rrys ravintolakeitti\u00f6iden tarpeista ja k\u00e4yt\u00e4nn\u00f6n keitti\u00f6arjesta.<\/p>\n<\/div>\n\n\n\n<div class=\"wp-block-column is-layout-flow wp-block-column-is-layout-flow\">\n<figure class=\"wp-block-image size-full responsive-tweak\"><img loading=\"lazy\" decoding=\"async\" width=\"650\" height=\"562\" src=\"https:\/\/davanti.fi\/wp-content\/uploads\/2025\/04\/E5A1612.jpg\" alt=\"\" class=\"wp-image-25\"\/><\/figure>\n<\/div>\n<\/div>\n\n\n\n<div class=\"wp-block-columns is-layout-flex wp-container-core-columns-is-layout-9d6595d7 wp-block-columns-is-layout-flex\">\n<div class=\"wp-block-column is-layout-flow wp-block-column-is-layout-flow\">\n<figure class=\"wp-block-image size-full responsive-tweak\"><img loading=\"lazy\" decoding=\"async\" width=\"650\" height=\"561\" src=\"https:\/\/davanti.fi\/wp-content\/uploads\/2025\/04\/E5A2010.jpg\" alt=\"\" class=\"wp-image-26\"\/><figcaption class=\"wp-element-caption\">Tommi Tuominen on ollut mukana perustamassa my\u00f6s ravintola Finnj\u00e4veli\u00e4. Tuomisen toinen kattoravintola Ravintola Toppa sijaitsee Helsingin Kauppatorin tuntumassa. Keitti\u00f6suunnittelijana toimi molemmissa projekteissa Jouni Heinonen.<\/figcaption><\/figure>\n<\/div>\n\n\n\n<div class=\"wp-block-column is-layout-flow wp-block-column-is-layout-flow\">\n<p>Demon keitti\u00f6suunnittelua tehtiin pieteetill\u00e4 alusta loppuun asti. Valmis keitti\u00f6 on l\u00e4hell\u00e4 unelmakeitti\u00f6t\u00e4ni eli se on toiminnallinen ja tehokas. Kaikki keitti\u00f6iss\u00e4 on oikeilla paikoilla ja korkeuksilla sek\u00e4 helposti k\u00e4den ulottuvilla.<\/p>\n\n\n\n<p>Asiakkaille t\u00e4ysin avoin keitti\u00f6 on esteettisesti kaunis. Demo sijaitsee liikerakennuksen 14. n\u00e4k\u00f6alakerroksessa ja sen kuusimetristen lasiseinien kautta avautuu upeat maisemat merelle ja kaupungin ylle. Illan pimetess\u00e4 asiakkaiden katseet suuntautuvat maisemien sijaan keitti\u00f6\u00f6n, joten sen ulkon\u00e4k\u00f6\u00f6n haluttiin panostaa. Avokeitti\u00f6n suunnittelu yhteensopivaksi rakennuksen muotoon sek\u00e4 avokeitti\u00f6n ja ravintolasalin v\u00e4lisen rajapinnan saumaton yhdist\u00e4minen vaati keitti\u00f6suunnittelijan, sisustusarkkitehdin ja urakoitsijan tiivist\u00e4 yhteisty\u00f6t\u00e4 \u2013 Jouni toimi t\u00e4ss\u00e4kin aktiivisena osapuolena ja yhteyksien yll\u00e4pit\u00e4j\u00e4n\u00e4.<\/p>\n\n\n\n<p>Ammattimaisesta asenteesta kertoo my\u00f6s Jounin kiinnostus kokonaisuuden toimivuuteen keitti\u00f6n valmistumisen j\u00e4lkeenkin. Kaikki meill\u00e4 vastaa suunnitteluvaiheessa l\u00e4pi k\u00e4ytyj\u00e4 tarpeita, joten muutoksille ei ole ollut juuri tarvetta.<\/p>\n<\/div>\n<\/div>\n\n\n\n<div class=\"wp-block-cover cover-full\"><span aria-hidden=\"true\" class=\"wp-block-cover__background has-dav-beige-background-color has-background-dim-100 has-background-dim\"><\/span><div class=\"wp-block-cover__inner-container is-layout-constrained wp-block-cover-is-layout-constrained\">\n<div class=\"wp-block-columns columns-refe-infobox columns-mobile-reverse is-layout-flex wp-container-core-columns-is-layout-9d6595d7 wp-block-columns-is-layout-flex\">\n<div class=\"wp-block-column is-vertically-aligned-center eds-on-scroll animated fadeInLeft duration4 is-layout-flow wp-block-column-is-layout-flow\">\n<h3 class=\"wp-block-heading\">Ravintola Demo Helsinki<\/h3>\n\n\n\n<hr class=\"wp-block-separator has-alpha-channel-opacity separator-refe\"\/>\n\n\n\n<ul class=\"wp-block-list\">\n<li>Suomen pitk\u00e4ik\u00e4isin Michelin-t\u00e4hditetty ravintola<\/li>\n\n\n\n<li>Toimi Uudenmaankadulla Helsingiss\u00e4 vuodesta 2003 l\u00e4htien<\/li>\n\n\n\n<li>Avattu lokakuussa 2024 uusissa tiloissa Ruoholahdessa osoitteessa It\u00e4merenkatu 25<\/li>\n\n\n\n<li>Rakentaja NCC Suomi, arkkitehti Marko Salmela JKMM Arkkitehdit Oy, keitti\u00f6suunnittelu Davanti Finland Oy Jouni Heinonen<\/li>\n<\/ul>\n\n\n\n<div class=\"wp-block-buttons is-layout-flex wp-block-buttons-is-layout-flex\">\n<div class=\"wp-block-button\"><a class=\"wp-block-button__link wp-element-button\" href=\"https:\/\/www.restaurantdemo.fi\/\" target=\"_blank\" rel=\"noreferrer noopener\">restaurantdemo.fi<\/a><\/div>\n<\/div>\n<\/div>\n\n\n\n<div class=\"wp-block-column is-vertically-aligned-center eds-on-scroll animated fadeInRight duration4 is-layout-flow wp-block-column-is-layout-flow\">\n<figure class=\"wp-block-image size-full responsive-tweak\"><img loading=\"lazy\" decoding=\"async\" width=\"650\" height=\"425\" src=\"https:\/\/davanti.fi\/wp-content\/uploads\/2025\/04\/E5A1421.jpg\" alt=\"\" class=\"wp-image-23\"\/><figcaption class=\"wp-element-caption\">Toiminnallisuus ja esteettisyys tekev\u00e4t Demon keitti\u00f6st\u00e4 unelmakeitti\u00f6n ty\u00f6skennell\u00e4.<\/figcaption><\/figure>\n<\/div>\n<\/div>\n<\/div><\/div>","protected":false},"excerpt":{"rendered":"<p>&#8220;The kitchen at Demo is very close to what I consider my dream kitchen.&#8221; In kitchen design, it&#8217;s easy to trust a professional with whom collaboration is seamless. We have had good experiences with DAVANTI \/ Jouni Heinonen&#8217;s design expertise in two previous kitchen projects. A top-tier kitchen designer has the skill to adapt the &#8230; <a title=\"Ravintola Demo Helsinki\" class=\"read-more\" href=\"https:\/\/davanti.fi\/fi\/restaurant-demo-helsinki\/\" aria-label=\"Lue lis\u00e4\u00e4 aiheesta Restaurant Demo Helsinki\">Lue lis\u00e4\u00e4<\/a><\/p>","protected":false},"author":1,"featured_media":0,"parent":0,"menu_order":0,"comment_status":"closed","ping_status":"closed","template":"","meta":{"footnotes":""},"class_list":["post-99","page","type-page","status-publish"],"_links":{"self":[{"href":"https:\/\/davanti.fi\/fi\/wp-json\/wp\/v2\/pages\/99","targetHints":{"allow":["GET"]}}],"collection":[{"href":"https:\/\/davanti.fi\/fi\/wp-json\/wp\/v2\/pages"}],"about":[{"href":"https:\/\/davanti.fi\/fi\/wp-json\/wp\/v2\/types\/page"}],"author":[{"embeddable":true,"href":"https:\/\/davanti.fi\/fi\/wp-json\/wp\/v2\/users\/1"}],"replies":[{"embeddable":true,"href":"https:\/\/davanti.fi\/fi\/wp-json\/wp\/v2\/comments?post=99"}],"version-history":[{"count":26,"href":"https:\/\/davanti.fi\/fi\/wp-json\/wp\/v2\/pages\/99\/revisions"}],"predecessor-version":[{"id":197,"href":"https:\/\/davanti.fi\/fi\/wp-json\/wp\/v2\/pages\/99\/revisions\/197"}],"wp:attachment":[{"href":"https:\/\/davanti.fi\/fi\/wp-json\/wp\/v2\/media?parent=99"}],"curies":[{"name":"wp","href":"https:\/\/api.w.org\/{rel}","templated":true}]}}